{"id":35,"date":"2024-04-12T00:00:30","date_gmt":"2024-04-12T00:00:30","guid":{"rendered":"https:\/\/campusvirtual.net\/escritos\/home\/"},"modified":"2024-05-29T20:33:31","modified_gmt":"2024-05-29T20:33:31","slug":"home","status":"publish","type":"page","link":"https:\/\/campusvirtual.net\/escritos\/home\/","title":{"rendered":"Presentaci\u00f3n"},"content":{"rendered":"<p><img loading=\"lazy\" decoding=\"async\" class=\"size-full wp-image-281 aligncenter\" src=\"https:\/\/campusvirtual.net\/escritos\/wp-content\/uploads\/2024\/04\/banneria.png\" alt=\"\" width=\"740\" height=\"248\" srcset=\"https:\/\/campusvirtual.net\/escritos\/wp-content\/uploads\/2024\/04\/banneria.png 740w, https:\/\/campusvirtual.net\/escritos\/wp-content\/uploads\/2024\/04\/banneria-600x201.png 600w, https:\/\/campusvirtual.net\/escritos\/wp-content\/uploads\/2024\/04\/banneria-300x101.png 300w\" sizes=\"auto, (max-width: 740px) 100vw, 740px\" \/><\/p>\n<p>&nbsp;<\/p>\n<p>Bienvenidos a nuestro sitio web, dedicado a explorar y compartir conocimientos sobre escritura acad\u00e9mica, hechura de tesis de posgrado,\u00a0 uso de inteligencia artificial (IA) y herramientas bibliogr\u00e1ficas, para aplicar en el campo del derecho.<\/p>\n<p>El prop\u00f3sito de este sitio es brindar recursos \u00fatiles y actualizados a estudiantes de posgrado, investigadores y profesionales del derecho\u00a0 que buscan mejorar sus habilidades de redacci\u00f3n acad\u00e9mica, aprovechar la tecnolog\u00eda de IA y optimizar sus flujos de trabajo con aplicaciones como Zotero, Notion, Atlas-ti.<\/p>\n<h3>En este sitio web encontrar\u00e1s:<\/h3>\n<p><strong>Gu\u00edas pr\u00e1cticas y tips<\/strong>: Art\u00edculos detallados con consejos y recomendaciones sobre t\u00e9cnicas de escritura efectiva para la elaboraci\u00f3n de tesis de postgrado y art\u00edculos cient\u00edficos.<\/p>\n<p><strong>Regulaci\u00f3n de IA:\u00a0<\/strong> Alertas sobre iniciativas legales, estudios y debates sobre IA y Derecho.<\/p>\n<p><strong>Tutoriales de IA<\/strong>:\u00a0 El uso de herramientas de IA como generadores de texto y asistentes de investigaci\u00f3n. Brindamos instrucciones paso a paso para integrarlas en tu proceso de escritura.<\/p>\n<p><strong>Escritura acad\u00e9mica y jur\u00eddica utilizando software y aplicaciones IA<\/strong><\/p>\n<p><strong>Revisiones de software:<\/strong> Compartir an\u00e1lisis de\u00a0 aplicaciones de gesti\u00f3n bibliogr\u00e1fica como Zotero e IA, destacando sus caracter\u00edsticas, flujos de trabajo y tips avanzados.<\/p>\n<p><strong>Recursos adicionales<\/strong>: Recopilamos noticias sobre herramientas que pueden ser de utilidad para mejorar habilidades de escritura acad\u00e9mica.<\/p>\n<h3>Red<\/h3>\n<p>Nuestra red est\u00e1 conformada por acad\u00e9micos, investigadores, entusiastas de la tecnolog\u00eda que comparten una pasi\u00f3n por la excelencia en la escritura y el uso eficiente y \u00e9tico de las herramientas digitales.<\/p>\n<h3>Editor<\/h3>\n<p><strong>Dr. V\u00edctor Toledo,<\/strong> Abogado e historiador. PhD, Master en Derecho Ambiental, Maestro en Derecho Constitucional, Master en IA y especialista en derecho internacional de los derechos humanos. Consultor senior en derecho internacional de los derechos humanos para agencias ONU.<\/p>\n<p><a href=\"https:\/\/orcid.org\/0009-0005-5847-6233\" target=\"_blank\" rel=\"noopener\"><img loading=\"lazy\" decoding=\"async\" class=\"alignnone wp-image-292\" src=\"https:\/\/campusvirtual.net\/escritos\/wp-content\/uploads\/2024\/04\/orcid-logo-1.png\" alt=\"\" width=\"173\" height=\"56\" \/><\/a><\/p>\n<p>&nbsp;<\/p>\n","protected":false},"excerpt":{"rendered":"<p>&nbsp; Bienvenidos a nuestro sitio web, dedicado a explorar y compartir conocimientos sobre escritura acad\u00e9mica, hechura de tesis de posgrado,\u00a0 uso de inteligencia artificial (IA) y herramientas bibliogr\u00e1ficas, para aplicar en el campo del derecho. El prop\u00f3sito de este sitio es brindar&hellip;<span class=\"read-more\"><a href=\"https:\/\/campusvirtual.net\/escritos\/home\/\">Read More &raquo;<\/a><\/span><\/p>\n","protected":false},"author":1,"featured_media":276,"parent":0,"menu_order":0,"comment_status":"closed","ping_status":"closed","template":"","meta":{"footnotes":""},"class_list":["post-35","page","type-page","status-publish","has-post-thumbnail","hentry"],"_links":{"self":[{"href":"https:\/\/campusvirtual.net\/escritos\/wp-json\/wp\/v2\/pages\/35","targetHints":{"allow":["GET"]}}],"collection":[{"href":"https:\/\/campusvirtual.net\/escritos\/wp-json\/wp\/v2\/pages"}],"about":[{"href":"https:\/\/campusvirtual.net\/escritos\/wp-json\/wp\/v2\/types\/page"}],"author":[{"embeddable":true,"href":"https:\/\/campusvirtual.net\/escritos\/wp-json\/wp\/v2\/users\/1"}],"replies":[{"embeddable":true,"href":"https:\/\/campusvirtual.net\/escritos\/wp-json\/wp\/v2\/comments?post=35"}],"version-history":[{"count":14,"href":"https:\/\/campusvirtual.net\/escritos\/wp-json\/wp\/v2\/pages\/35\/revisions"}],"predecessor-version":[{"id":522,"href":"https:\/\/campusvirtual.net\/escritos\/wp-json\/wp\/v2\/pages\/35\/revisions\/522"}],"wp:featuredmedia":[{"embeddable":true,"href":"https:\/\/campusvirtual.net\/escritos\/wp-json\/wp\/v2\/media\/276"}],"wp:attachment":[{"href":"https:\/\/campusvirtual.net\/escritos\/wp-json\/wp\/v2\/media?parent=35"}],"curies":[{"name":"wp","href":"https:\/\/api.w.org\/{rel}","templated":true}]}}